{"id":2000,"date":"2018-05-10T09:19:21","date_gmt":"2018-05-10T07:19:21","guid":{"rendered":"https:\/\/diamondresidence.hu\/?page_id=2000"},"modified":"2020-09-07T15:17:53","modified_gmt":"2020-09-07T13:17:53","slug":"impresszum","status":"publish","type":"page","link":"https:\/\/diamondresidence.hu\/en\/impresszum\/","title":{"rendered":"impressum"},"content":{"rendered":"<div class=\"fusion-fullwidth fullwidth-box fusion-builder-row-1 nonhundred-percent-fullwidth non-hundred-percent-height-scrolling\" style=\"background-color: rgba(255,255,255,0);background-position: center center;background-repeat: no-repeat;padding-top:0px;padding-right:0px;padding-bottom:0px;padding-left:0px;margin-bottom: 0px;margin-top: 0px;border-width: 0px 0px 0px 0px;border-color:#eae9e9;border-style:solid;\" ><div class=\"fusion-builder-row fusion-row\"><div class=\"fusion-layout-column fusion_builder_column fusion-builder-column-0 fusion_builder_column_1_1 1_1 fusion-one-full fusion-column-first fusion-column-last\" style=\"margin-top:0px;margin-bottom:20px;\"><div class=\"fusion-column-wrapper fusion-flex-column-wrapper-legacy\" style=\"background-position:left top;background-repeat:no-repeat;-webkit-background-size:cover;-moz-background-size:cover;-o-background-size:cover;background-size:cover;padding: 0px 0px 0px 0px;\"><div class=\"fusion-text fusion-text-1\" style=\"transform:translate3d(0,0,0);\"><div><b>Operator details<\/b><\/div>\n<div>\u00dczemeltet\u0151: <b>K &amp; K International Kft.<br \/>\n<\/b>Sz\u00e9khely: 1156 Budapest, Ny\u00edrpalota \u00fat 36. 7. em. 47.<\/div>\n<div>Ad\u00f3sz\u00e1m: 24783204-2-42<\/div>\n<div>E-mail address: info@diamondresidence.hu<\/div>\n<div>Telefon: +36 30 257 3258<\/div>\n<div><\/div>\n<div><b>Hosting provider information<\/b><\/div>\n<div>\n<div>Service provider: Capitaly.hu Kft.<\/div>\n<div>Service provider address: 2119 P\u00e9cel, Sz\u0151l\u0151hegy u. 20.<\/div>\n<div>Telephone: +36 20 423 3957<\/div>\n<div>E-mail: info@capitaly.hu<\/div>\n<div>Web: https:\/\/www.capitaly.hu<\/div>\n<div><\/div>\n<\/div>\n<div>\n<div><b>Website building:<\/b><\/div>\n<div>Service provider name: T\u00e1vkontroll.hu<\/div>\n<div>Service provider address: 1119 Budapest, Petzv\u00e1l J. u. 44.<\/div>\n<div>E-mail: hello@tavkontroll.hu<\/div>\n<div>Website:\u00a0<a href=\"https:\/\/tavkontroll.hu\">https:\/\/tavkontroll.hu<\/a><\/div>\n<\/div>\n<\/div><div class=\"fusion-clearfix\"><\/div><\/div><\/div><\/div><\/div>","protected":false},"excerpt":{"rendered":"","protected":false},"author":4,"featured_media":0,"parent":0,"menu_order":0,"comment_status":"closed","ping_status":"closed","template":"","meta":[],"yoast_head":"<!-- This site is optimized with the Yoast SEO plugin v16.0.2 - https:\/\/yoast.com\/wordpress\/plugins\/seo\/ -->\n<title>impresszum - Diamond Residence<\/title>\n<link rel=\"canonical\" href=\"https:\/\/diamondresidence.hu\/en\/impresszum\/\" \/>\n<meta property=\"og:locale\" content=\"en_GB\" \/>\n<meta property=\"og:type\" content=\"article\" \/>\n<meta property=\"og:title\" content=\"impresszum - Diamond Residence\" \/>\n<meta property=\"og:url\" content=\"https:\/\/diamondresidence.hu\/en\/impresszum\/\" \/>\n<meta property=\"og:site_name\" content=\"Diamond Residence\" \/>\n<meta property=\"article:publisher\" content=\"https:\/\/www.facebook.com\/diamondresidencehun\" \/>\n<meta property=\"article:modified_time\" content=\"2020-09-07T13:17:53+00:00\" \/>\n<meta name=\"twitter:card\" content=\"summary_large_image\" \/>\n<meta name=\"twitter:label1\" content=\"Estimated reading time\">\n\t<meta name=\"twitter:data1\" content=\"1 minute\">\n<script type=\"application\/ld+json\" class=\"yoast-schema-graph\">{\"@context\":\"https:\/\/schema.org\",\"@graph\":[{\"@type\":\"Organization\",\"@id\":\"https:\/\/diamondresidence.hu\/en\/#organization\",\"name\":\"Diamond Residence Budapest\",\"url\":\"https:\/\/diamondresidence.hu\/en\/\",\"sameAs\":[\"https:\/\/www.facebook.com\/diamondresidencehun\"],\"logo\":{\"@type\":\"ImageObject\",\"@id\":\"https:\/\/diamondresidence.hu\/en\/#logo\",\"inLanguage\":\"en-GB\",\"url\":\"https:\/\/diamondresidence.hu\/wp-content\/uploads\/2018\/04\/Diamond-Residence.png\",\"width\":850,\"height\":605,\"caption\":\"Diamond Residence Budapest\"},\"image\":{\"@id\":\"https:\/\/diamondresidence.hu\/en\/#logo\"}},{\"@type\":\"WebSite\",\"@id\":\"https:\/\/diamondresidence.hu\/en\/#website\",\"url\":\"https:\/\/diamondresidence.hu\/en\/\",\"name\":\"Diamond Residence\",\"description\":\"\",\"publisher\":{\"@id\":\"https:\/\/diamondresidence.hu\/en\/#organization\"},\"potentialAction\":[{\"@type\":\"SearchAction\",\"target\":\"https:\/\/diamondresidence.hu\/en\/?s={search_term_string}\",\"query-input\":\"required name=search_term_string\"}],\"inLanguage\":\"en-GB\"},{\"@type\":\"WebPage\",\"@id\":\"https:\/\/diamondresidence.hu\/impresszum\/#webpage\",\"url\":\"https:\/\/diamondresidence.hu\/impresszum\/\",\"name\":\"impresszum - Diamond Residence\",\"isPartOf\":{\"@id\":\"https:\/\/diamondresidence.hu\/en\/#website\"},\"datePublished\":\"2018-05-10T07:19:21+00:00\",\"dateModified\":\"2020-09-07T13:17:53+00:00\",\"breadcrumb\":{\"@id\":\"https:\/\/diamondresidence.hu\/impresszum\/#breadcrumb\"},\"inLanguage\":\"en-GB\",\"potentialAction\":[{\"@type\":\"ReadAction\",\"target\":[\"https:\/\/diamondresidence.hu\/impresszum\/\"]}]},{\"@type\":\"BreadcrumbList\",\"@id\":\"https:\/\/diamondresidence.hu\/impresszum\/#breadcrumb\",\"itemListElement\":[{\"@type\":\"ListItem\",\"position\":1,\"item\":{\"@type\":\"WebPage\",\"@id\":\"https:\/\/diamondresidence.hu\/\",\"url\":\"https:\/\/diamondresidence.hu\/\",\"name\":\"Home\"}},{\"@type\":\"ListItem\",\"position\":2,\"item\":{\"@type\":\"WebPage\",\"@id\":\"https:\/\/diamondresidence.hu\/impresszum\/\",\"url\":\"https:\/\/diamondresidence.hu\/impresszum\/\",\"name\":\"impresszum\"}}]}]}<\/script>\n<!-- \/ Yoast SEO plugin. -->","_links":{"self":[{"href":"https:\/\/diamondresidence.hu\/en\/wp-json\/wp\/v2\/pages\/2000"}],"collection":[{"href":"https:\/\/diamondresidence.hu\/en\/wp-json\/wp\/v2\/pages"}],"about":[{"href":"https:\/\/diamondresidence.hu\/en\/wp-json\/wp\/v2\/types\/page"}],"author":[{"embeddable":true,"href":"https:\/\/diamondresidence.hu\/en\/wp-json\/wp\/v2\/users\/4"}],"replies":[{"embeddable":true,"href":"https:\/\/diamondresidence.hu\/en\/wp-json\/wp\/v2\/comments?post=2000"}],"version-history":[{"count":0,"href":"https:\/\/diamondresidence.hu\/en\/wp-json\/wp\/v2\/pages\/2000\/revisions"}],"wp:attachment":[{"href":"https:\/\/diamondresidence.hu\/en\/wp-json\/wp\/v2\/media?parent=2000"}],"curies":[{"name":"wp","href":"https:\/\/api.w.org\/{rel}","templated":true}]}}